{"id":155,"date":"2022-07-14T06:52:46","date_gmt":"2022-07-14T06:52:46","guid":{"rendered":"https:\/\/qngti.net\/?page_id=155"},"modified":"2022-12-15T13:54:04","modified_gmt":"2022-12-15T13:54:04","slug":"about-us","status":"publish","type":"page","link":"https:\/\/qngti.net\/vi\/about-us\/","title":{"rendered":""},"content":{"rendered":"<div data-elementor-type=\"wp-page\" data-elementor-id=\"155\" class=\"elementor elementor-155\">\n\t\t\t\t\t\t<section class=\"elementor-section elementor-top-section elementor-element elementor-element-231cd342 elementor-section-boxed elementor-section-height-default elementor-section-height-default\" data-id=\"231cd342\" data-element_type=\"section\" data-settings=\"{&quot;background_background&quot;:&quot;classic&quot;}\">\n\t\t\t\t\t\t\t<div class=\"elementor-background-overlay\"><\/div>\n\t\t\t\t\t\t\t<div class=\"elementor-container elementor-column-gap-default\">\n\t\t\t\t\t<div class=\"elementor-column elementor-col-100 elementor-top-column elementor-element elementor-element-1e8cf06\" data-id=\"1e8cf06\" data-element_type=\"column\">\n\t\t\t<div class=\"elementor-widget-wrap elementor-element-populated\">\n\t\t\t\t\t\t<div class=\"elementor-element elementor-element-683f0604 elementor-widget elementor-widget-heading\" data-id=\"683f0604\" data-element_type=\"widget\" data-widget_type=\"heading.default\">\n\t\t\t\t<div class=\"elementor-widget-container\">\n\t\t\t\t\t<h1 class=\"elementor-heading-title elementor-size-default\">Build a Better World.<\/h1>\t\t\t\t<\/div>\n\t\t\t\t<\/div>\n\t\t\t\t<div class=\"elementor-element elementor-element-78f3d8fb elementor-widget elementor-widget-heading\" data-id=\"78f3d8fb\" data-element_type=\"widget\" data-widget_type=\"heading.default\">\n\t\t\t\t<div class=\"elementor-widget-container\">\n\t\t\t\t\t<h5 class=\"elementor-heading-title elementor-size-default\">Build a better world by applying world?class expertise to solve its clients greatest challenges.<\/h5>\t\t\t\t<\/div>\n\t\t\t\t<\/div>\n\t\t\t\t\t<\/div>\n\t\t<\/div>\n\t\t\t\t\t<\/div>\n\t\t<\/section>\n\t\t\t\t<section class=\"elementor-section elementor-top-section elementor-element elementor-element-2123a42c elementor-section-boxed elementor-section-height-default elementor-section-height-default\" data-id=\"2123a42c\" data-element_type=\"section\">\n\t\t\t\t\t\t<div class=\"elementor-container elementor-column-gap-default\">\n\t\t\t\t\t<div class=\"elementor-column elementor-col-100 elementor-top-column elementor-element elementor-element-259076d5\" data-id=\"259076d5\" data-element_type=\"column\" data-settings=\"{&quot;background_background&quot;:&quot;classic&quot;}\">\n\t\t\t<div class=\"elementor-widget-wrap elementor-element-populated\">\n\t\t\t\t\t\t<div class=\"elementor-element elementor-element-60c758c9 elementor-icon-list--layout-inline elementor-align-center elementor-list-item-link-full_width elementor-widget elementor-widget-icon-list\" data-id=\"60c758c9\" data-element_type=\"widget\" data-widget_type=\"icon-list.default\">\n\t\t\t\t<div class=\"elementor-widget-container\">\n\t\t\t\t\t\t\t<ul class=\"elementor-icon-list-items elementor-inline-items\">\n\t\t\t\t\t\t\t<li class=\"elementor-icon-list-item elementor-inline-item\">\n\t\t\t\t\t\t\t\t\t\t<span class=\"elementor-icon-list-text\">Trang ch\u1ee7<\/span>\n\t\t\t\t\t\t\t\t\t<\/li>\n\t\t\t\t\t\t\t\t<li class=\"elementor-icon-list-item elementor-inline-item\">\n\t\t\t\t\t\t\t\t\t\t\t<span class=\"elementor-icon-list-icon\">\n\t\t\t\t\t\t\t<i aria-hidden=\"true\" class=\"icon icon-right-arrow2\"><\/i>\t\t\t\t\t\t<\/span>\n\t\t\t\t\t\t\t\t\t\t<span class=\"elementor-icon-list-text\">V\u1ec1 ch\u00fang t\u00f4i<\/span>\n\t\t\t\t\t\t\t\t\t<\/li>\n\t\t\t\t\t\t<\/ul>\n\t\t\t\t\t\t<\/div>\n\t\t\t\t<\/div>\n\t\t\t\t<div class=\"elementor-element elementor-element-534b2d5 elementor-widget elementor-widget-heading\" data-id=\"534b2d5\" data-element_type=\"widget\" data-widget_type=\"heading.default\">\n\t\t\t\t<div class=\"elementor-widget-container\">\n\t\t\t\t\t<h2 class=\"elementor-heading-title elementor-size-default\">V\u1ec1 ch\u00fang t\u00f4i<\/h2>\t\t\t\t<\/div>\n\t\t\t\t<\/div>\n\t\t\t\t\t<\/div>\n\t\t<\/div>\n\t\t\t\t\t<\/div>\n\t\t<\/section>\n\t\t\t\t<section class=\"elementor-section elementor-top-section elementor-element elementor-element-3bc52d95 elementor-section-boxed elementor-section-height-default elementor-section-height-default\" data-id=\"3bc52d95\" data-element_type=\"section\" data-settings=\"{&quot;background_background&quot;:&quot;classic&quot;}\">\n\t\t\t\t\t\t<div class=\"elementor-container elementor-column-gap-default\">\n\t\t\t\t\t<div class=\"elementor-column elementor-col-50 elementor-top-column elementor-element elementor-element-6947a420\" data-id=\"6947a420\" data-element_type=\"column\">\n\t\t\t<div class=\"elementor-widget-wrap elementor-element-populated\">\n\t\t\t\t\t\t<div class=\"elementor-element elementor-element-084bf85 elementor-widget elementor-widget-video\" data-id=\"084bf85\" data-element_type=\"widget\" data-settings=\"{&quot;video_type&quot;:&quot;hosted&quot;,&quot;controls&quot;:&quot;yes&quot;}\" data-widget_type=\"video.default\">\n\t\t\t\t<div class=\"elementor-widget-container\">\n\t\t\t\t\t\t\t<div class=\"e-hosted-video elementor-wrapper elementor-open-inline\">\n\t\t\t\t\t<video class=\"elementor-video\" src=\"https:\/\/qngti.net\/wp-content\/uploads\/2022\/12\/vd1.mp4\" controls=\"\" preload=\"metadata\" controlslist=\"nodownload\"><\/video>\n\t\t\t\t<\/div>\n\t\t\t\t\t\t<\/div>\n\t\t\t\t<\/div>\n\t\t\t\t<div class=\"elementor-element elementor-element-e3fab87 elementor-widget elementor-widget-video\" data-id=\"e3fab87\" data-element_type=\"widget\" data-settings=\"{&quot;video_type&quot;:&quot;hosted&quot;,&quot;start&quot;:15,&quot;controls&quot;:&quot;yes&quot;}\" data-widget_type=\"video.default\">\n\t\t\t\t<div class=\"elementor-widget-container\">\n\t\t\t\t\t\t\t<div class=\"e-hosted-video elementor-wrapper elementor-open-inline\">\n\t\t\t\t\t<video class=\"elementor-video\" src=\"https:\/\/qngti.net\/wp-content\/uploads\/2022\/12\/vd2.mp4#t=15\" controls=\"\" preload=\"metadata\" controlslist=\"nodownload\"><\/video>\n\t\t\t\t<\/div>\n\t\t\t\t\t\t<\/div>\n\t\t\t\t<\/div>\n\t\t\t\t\t<\/div>\n\t\t<\/div>\n\t\t\t\t<div class=\"elementor-column elementor-col-50 elementor-top-column elementor-element elementor-element-626c1a84\" data-id=\"626c1a84\" data-element_type=\"column\" data-settings=\"{&quot;background_background&quot;:&quot;classic&quot;}\">\n\t\t\t<div class=\"elementor-widget-wrap elementor-element-populated\">\n\t\t\t\t\t\t<div class=\"elementor-element elementor-element-732dc90 elementor-widget elementor-widget-heading\" data-id=\"732dc90\" data-element_type=\"widget\" data-widget_type=\"heading.default\">\n\t\t\t\t<div class=\"elementor-widget-container\">\n\t\t\t\t\t<h6 class=\"elementor-heading-title elementor-size-default\">History<\/h6>\t\t\t\t<\/div>\n\t\t\t\t<\/div>\n\t\t\t\t<div class=\"elementor-element elementor-element-819f6c2 elementor-widget elementor-widget-heading\" data-id=\"819f6c2\" data-element_type=\"widget\" data-widget_type=\"heading.default\">\n\t\t\t\t<div class=\"elementor-widget-container\">\n\t\t\t\t\t<h2 class=\"elementor-heading-title elementor-size-default\">Infinite Opportunities.<\/h2>\t\t\t\t<\/div>\n\t\t\t\t<\/div>\n\t\t\t\t<div class=\"elementor-element elementor-element-375e7725 elementor-widget elementor-widget-text-editor\" data-id=\"375e7725\" data-element_type=\"widget\" data-widget_type=\"text-editor.default\">\n\t\t\t\t<div class=\"elementor-widget-container\">\n\t\t\t\t\t\t\t\t\t<p>Qu?ng Ninh General Trading &amp; Investment CO. LTD (QTI) is a leading provider of solutions and services in the field of commercial and defense technologies. As a reliable partner of the various army forces, government and commercial market, QTI has extensive experience in projects providing surveys, consulting, design, project management, installation, and integration services.<\/p><p>QTI \u0111\u00e3 thi\u1ebft l\u1eadp m\u1ed1i quan h\u1ec7 v\u1edbi c\u00e1c nh\u00e0 s\u1ea3n xu\u1ea5t h\u00e0ng \u0111\u1ea7u trong t\u1eebng ng\u00e0nh h\u00e0ng, kh\u00f4ng ng\u1eebng n\u00e2ng cao h\u1ee3p t\u00e1c \u0111\u1ec3 ch\u1ee7 \u0111\u1ed9ng t\u00ecm ki\u1ebfm c\u01a1 h\u1ed9i ph\u00e1t tri\u1ec3n kinh doanh s\u1ea3n ph\u1ea9m m\u1edbi t\u1ea1i th\u1ecb tr\u01b0\u1eddng Vi\u1ec7t Nam.<\/p>\t\t\t\t\t\t\t\t<\/div>\n\t\t\t\t<\/div>\n\t\t\t\t\t<\/div>\n\t\t<\/div>\n\t\t\t\t\t<\/div>\n\t\t<\/section>\n\t\t\t\t<section class=\"elementor-section elementor-top-section elementor-element elementor-element-af1fbbf elementor-section-boxed elementor-section-height-default elementor-section-height-default\" data-id=\"af1fbbf\" data-element_type=\"section\" data-settings=\"{&quot;background_background&quot;:&quot;classic&quot;}\">\n\t\t\t\t\t\t<div class=\"elementor-container elementor-column-gap-default\">\n\t\t\t\t\t<div class=\"elementor-column elementor-col-100 elementor-top-column elementor-element elementor-element-3aeb140\" data-id=\"3aeb140\" data-element_type=\"column\" data-settings=\"{&quot;background_background&quot;:&quot;classic&quot;}\">\n\t\t\t<div class=\"elementor-widget-wrap elementor-element-populated\">\n\t\t\t\t\t\t<div class=\"elementor-element elementor-element-3f6fd146 elementor-widget elementor-widget-heading\" data-id=\"3f6fd146\" data-element_type=\"widget\" data-widget_type=\"heading.default\">\n\t\t\t\t<div class=\"elementor-widget-container\">\n\t\t\t\t\t<h2 class=\"elementor-heading-title elementor-size-default\">Ch\u00fang t\u00f4i cung c\u1ea5p g\u00ec?\n<\/h2>\t\t\t\t<\/div>\n\t\t\t\t<\/div>\n\t\t\t\t\t<\/div>\n\t\t<\/div>\n\t\t\t\t\t<\/div>\n\t\t<\/section>\n\t\t\t\t<section class=\"elementor-section elementor-top-section elementor-element elementor-element-716c60a7 elementor-reverse-mobile elementor-section-boxed elementor-section-height-default elementor-section-height-default\" data-id=\"716c60a7\" data-element_type=\"section\" data-settings=\"{&quot;background_background&quot;:&quot;classic&quot;}\">\n\t\t\t\t\t\t<div class=\"elementor-container elementor-column-gap-default\">\n\t\t\t\t\t<div class=\"elementor-column elementor-col-50 elementor-top-column elementor-element elementor-element-4714e83b\" data-id=\"4714e83b\" data-element_type=\"column\" data-settings=\"{&quot;background_background&quot;:&quot;classic&quot;}\">\n\t\t\t<div class=\"elementor-widget-wrap elementor-element-populated\">\n\t\t\t\t\t\t<div class=\"elementor-element elementor-element-3a8fe5b ekit-equal-height-disable elementor-widget elementor-widget-elementskit-icon-box\" data-id=\"3a8fe5b\" data-element_type=\"widget\" data-widget_type=\"elementskit-icon-box.default\">\n\t\t\t\t<div class=\"elementor-widget-container\">\n\t\t\t\t\t<div class=\"ekit-wid-con\">        <!-- link opening -->\n                <a href=\"#\" class=\"ekit_global_links\">\n                <!-- end link opening -->\n\n        <div class=\"elementskit-infobox text-left text-left icon-lef-right-aligin elementor-animation- media\">\n                    <div class=\"elementskit-box-header elementor-animation-\">\n                <div class=\"elementskit-info-box-icon  text-center\">\n                    <i aria-hidden=\"true\" class=\"elementkit-infobox-icon icon icon-settings1\"><\/i>\n                <\/div>\n          <\/div>\n                        <div class=\"box-body\">\n                            <h3 class=\"elementskit-info-box-title\">\n                    Project Management                <\/h3>\n                        \t\t  \t<p>QTI tham gia ch\u1eb7t ch\u1ebd v\u00e0o to\u00e0n b\u1ed9 d\u1ef1 \u00e1n v\u00e0 h\u1ed7 tr\u1ee3 t\u1ed1i \u0111a cho c\u00e1c \u0111\u1ed1i t\u00e1c c\u1ee7a ch\u00fang t\u00f4i. QTI c\u00f3 nhi\u1ec1u kinh nghi\u1ec7m trong c\u00e1c d\u1ef1 \u00e1n mua s\u1eafm qu\u1ed1c ph\u00f2ng, am hi\u1ec3u quy tr\u00ecnh \u0111\u1ea5u th\u1ea7u, th\u1ee7 t\u1ee5c ki\u1ec3m so\u00e1t h\u1ee3p \u0111\u1ed3ng, mua s\u1eafm, h\u1ea3i quan v\u00e0 \u0111\u0103ng k\u00fd h\u00e0ng h\u00f3a.\n\n<\/p>\n                                <\/div>\n        \n        \n                <\/div>\n                <\/a>\n        <\/div>\t\t\t\t<\/div>\n\t\t\t\t<\/div>\n\t\t\t\t<div class=\"elementor-element elementor-element-898fbf0 ekit-equal-height-disable elementor-widget elementor-widget-elementskit-icon-box\" data-id=\"898fbf0\" data-element_type=\"widget\" data-widget_type=\"elementskit-icon-box.default\">\n\t\t\t\t<div class=\"elementor-widget-container\">\n\t\t\t\t\t<div class=\"ekit-wid-con\">        <!-- link opening -->\n                <a href=\"#\" class=\"ekit_global_links\">\n                <!-- end link opening -->\n\n        <div class=\"elementskit-infobox text-left text-left icon-lef-right-aligin elementor-animation- media\">\n                    <div class=\"elementskit-box-header elementor-animation-\">\n                <div class=\"elementskit-info-box-icon  text-center\">\n                    <i aria-hidden=\"true\" class=\"elementkit-infobox-icon icon icon-light-bulb1\"><\/i>\n                <\/div>\n          <\/div>\n                        <div class=\"box-body\">\n                            <h3 class=\"elementskit-info-box-title\">\n                    Technical Resources                <\/h3>\n                        \t\t  \t<p>\u0110\u1ed9i ng\u0169 k\u1ef9 thu\u1eadt c\u1ee7a ch\u00fang t\u00f4i c\u00f3 nhi\u1ec1u ki\u1ebfn \u200b\u200bth\u1ee9c v\u1ec1 c\u00e1c s\u1ea3n ph\u1ea9m v\u00e0 gi\u1ea3i ph\u00e1p \u1ee9ng d\u1ee5ng v\u1ec1 l\u0129nh v\u1ef1c h\u00e0ng h\u1ea3i, h\u00e0ng kh\u00f4ng v\u00e0 tr\u00ean b\u1ed9 v\u1edbi nhi\u1ec1u n\u0103m kinh nghi\u1ec7m trong vi\u1ec7c t\u01b0 v\u1ea5n thi\u1ebft k\u1ebf v\u00e0 d\u1ecbch v\u1ee5 tri\u1ec3n khai, l\u1eafp \u0111\u1eb7t, t\u00edch h\u1ee3p.\n\n<\/p>\n                                <\/div>\n        \n        \n                <\/div>\n                <\/a>\n        <\/div>\t\t\t\t<\/div>\n\t\t\t\t<\/div>\n\t\t\t\t<div class=\"elementor-element elementor-element-fc469bc ekit-equal-height-disable elementor-widget elementor-widget-elementskit-icon-box\" data-id=\"fc469bc\" data-element_type=\"widget\" data-widget_type=\"elementskit-icon-box.default\">\n\t\t\t\t<div class=\"elementor-widget-container\">\n\t\t\t\t\t<div class=\"ekit-wid-con\">        <!-- link opening -->\n                <a href=\"#\" class=\"ekit_global_links\">\n                <!-- end link opening -->\n\n        <div class=\"elementskit-infobox text-left text-left icon-lef-right-aligin elementor-animation- media\">\n                    <div class=\"elementskit-box-header elementor-animation-\">\n                <div class=\"elementskit-info-box-icon  text-center\">\n                    <i aria-hidden=\"true\" class=\"elementkit-infobox-icon icon icon-customer-support-2\"><\/i>\n                <\/div>\n          <\/div>\n                        <div class=\"box-body\">\n                            <h3 class=\"elementskit-info-box-title\">\n                    Trusted Sales Support                <\/h3>\n                        \t\t  \t<p>V\u1edbi kinh nghi\u1ec7m d\u00e0y d\u1eb7n, QTI c\u00f3 th\u1ec3 cung c\u1ea5p th\u00f4ng tin v\u00e0 chi ti\u1ebft th\u00edch h\u1ee3p cho c\u00e1c \u0111\u1ed1i t\u00e1c. Ch\u00fang t\u00f4i ph\u1ee5c v\u1ee5 c\u00e1c \u0111\u1ed1i t\u00e1c c\u1ee7a m\u00ecnh v\u1edbi th\u1eddi gian ph\u1ea3n h\u1ed3i nhanh ch\u00f3ng, tr\u1ee3 gi\u00fap theo \u0111\u1ecbnh h\u01b0\u1edbng nhi\u1ec7m v\u1ee5 v\u00e0 qu\u1ea3n l\u00fd v\u1ea5n \u0111\u1ec1.\n\n<\/p>\n                                <\/div>\n        \n        \n                <\/div>\n                <\/a>\n        <\/div>\t\t\t\t<\/div>\n\t\t\t\t<\/div>\n\t\t\t\t\t<\/div>\n\t\t<\/div>\n\t\t\t\t<div class=\"elementor-column elementor-col-50 elementor-top-column elementor-element elementor-element-6f4c96f\" data-id=\"6f4c96f\" data-element_type=\"column\" data-settings=\"{&quot;background_background&quot;:&quot;classic&quot;}\">\n\t\t\t<div class=\"elementor-widget-wrap elementor-element-populated\">\n\t\t\t\t\t\t<div class=\"elementor-element elementor-element-9ef8fb3 ekit-equal-height-disable elementor-widget elementor-widget-elementskit-icon-box\" data-id=\"9ef8fb3\" data-element_type=\"widget\" data-widget_type=\"elementskit-icon-box.default\">\n\t\t\t\t<div class=\"elementor-widget-container\">\n\t\t\t\t\t<div class=\"ekit-wid-con\">        <!-- link opening -->\n                <a href=\"#\" class=\"ekit_global_links\">\n                <!-- end link opening -->\n\n        <div class=\"elementskit-infobox text-left text-left icon-lef-right-aligin elementor-animation- media\">\n                    <div class=\"elementskit-box-header elementor-animation-\">\n                <div class=\"elementskit-info-box-icon  text-center\">\n                    <i aria-hidden=\"true\" class=\"elementkit-infobox-icon icon icon-comments\"><\/i>\n                <\/div>\n          <\/div>\n                        <div class=\"box-body\">\n                            <h3 class=\"elementskit-info-box-title\">\n                    Integrated Marketing                <\/h3>\n                        \t\t  \t<p>V\u1edbi vi\u1ec7c x\u00e2y d\u1ef1ng ti\u1ebfp th\u1ecb v\u1eefng m\u1ea1nh ch\u00fang t\u00f4i t\u1ef1 tin v\u00e0o vi\u1ec7c x\u00e1c \u0111\u1ecbnh th\u1ecb tr\u01b0\u1eddng m\u1ee5c ti\u00eau, bi\u1ebft \u0111i\u1ec3m m\u1ea1nh v\u00e0 \u0111i\u1ec3m y\u1ebfu s\u1ea3n ph\u1ea9m c\u1ee7a \u0111\u1ed1i t\u00e1c v\u1edbi c\u00e1c \u0111\u1ed1i th\u1ee7 c\u1ea1nh tranh kh\u00e1c, ph\u00e1t tri\u1ec3n nh\u1eadn th\u1ee9c \u0111\u1ed1i t\u00e1c v\u1ec1 kh\u00e1ch h\u00e0ng c\u1ee7a m\u00ecnh, x\u00e2y d\u1ef1ng uy t\u00edn \u0111\u1ea1i di\u1ec7n v\u00e0 duy tr\u00ec n\u00f3. V\u1edbi nh\u1eefng chi\u1ebfn l\u01b0\u1ee3c ti\u1ebfp th\u1ecb n\u00e0y, QTI h\u1ed7 tr\u1ee3 c\u00e1c \u0111\u1ed1i t\u00e1c c\u1ee7a m\u00ecnh t\u1ea1o d\u1ef1ng v\u1ecb th\u1ebf v\u1eefng ch\u1eafc tr\u00ean th\u1ecb tr\u01b0\u1eddng c\u1ee7a h\u1ecd.<\/p>\n                                <\/div>\n        \n        \n                <\/div>\n                <\/a>\n        <\/div>\t\t\t\t<\/div>\n\t\t\t\t<\/div>\n\t\t\t\t<div class=\"elementor-element elementor-element-5d7132e ekit-equal-height-disable elementor-widget elementor-widget-elementskit-icon-box\" data-id=\"5d7132e\" data-element_type=\"widget\" data-widget_type=\"elementskit-icon-box.default\">\n\t\t\t\t<div class=\"elementor-widget-container\">\n\t\t\t\t\t<div class=\"ekit-wid-con\">        <!-- link opening -->\n                <a href=\"#\" class=\"ekit_global_links\">\n                <!-- end link opening -->\n\n        <div class=\"elementskit-infobox text-left text-left icon-lef-right-aligin elementor-animation- media\">\n                    <div class=\"elementskit-box-header elementor-animation-\">\n                <div class=\"elementskit-info-box-icon  text-center\">\n                    <i aria-hidden=\"true\" class=\"elementkit-infobox-icon icon icon-hand_shake\"><\/i>\n                <\/div>\n          <\/div>\n                        <div class=\"box-body\">\n                            <h3 class=\"elementskit-info-box-title\">\n                    Reliable Liaison                <\/h3>\n                        \t\t  \t<p>QTI ho\u1ea1t \u0111\u1ed9ng nh\u01b0 m\u1ed9t \u0111\u1ea7u m\u1ed1i li\u00ean l\u1ea1c tin c\u1eady gi\u1eefa c\u00e1c \u0111\u1ed1i t\u00e1c s\u1ea3n xu\u1ea5t v\u00e0 nh\u00e0 cung c\u1ea5p, x\u1eed l\u00fd c\u00e1c m\u1ed1i quan t\u00e2m v\u1ec1 ch\u1ea5t l\u01b0\u1ee3ng v\u00e0 b\u1ea5t k\u1ef3 y\u00eau c\u1ea7u s\u1eeda \u0111\u1ed5i n\u00e0o c\u0169ng nh\u01b0 c\u00e1c d\u1ef1 \u00e1n \u0111\u1eb7c bi\u1ec7t kh\u00e1c.\n\n<\/p>\n                                <\/div>\n        \n        \n                <\/div>\n                <\/a>\n        <\/div>\t\t\t\t<\/div>\n\t\t\t\t<\/div>\n\t\t\t\t<div class=\"elementor-element elementor-element-0a4e652 ekit-equal-height-disable elementor-widget elementor-widget-elementskit-icon-box\" data-id=\"0a4e652\" data-element_type=\"widget\" data-widget_type=\"elementskit-icon-box.default\">\n\t\t\t\t<div class=\"elementor-widget-container\">\n\t\t\t\t\t<div class=\"ekit-wid-con\">        <!-- link opening -->\n                <a href=\"#\" class=\"ekit_global_links\">\n                <!-- end link opening -->\n\n        <div class=\"elementskit-infobox text-left text-left icon-lef-right-aligin elementor-animation- media\">\n                    <div class=\"elementskit-box-header elementor-animation-\">\n                <div class=\"elementskit-info-box-icon  text-center\">\n                    <i aria-hidden=\"true\" class=\"elementkit-infobox-icon icon icon-Design-2\"><\/i>\n                <\/div>\n          <\/div>\n                        <div class=\"box-body\">\n                            <h3 class=\"elementskit-info-box-title\">\n                    In-depth feedback &amp; Guidance                <\/h3>\n                        \t\t  \t<p>V\u1edbi kinh nghi\u1ec7m d\u00e0y d\u1eb7n, QTI hi\u1ec3u r\u00f5 m\u1ed1i quan h\u1ec7 l\u00e0m vi\u1ec7c v\u1edbi ng\u01b0\u1eddi d\u00f9ng cu\u1ed1i, \u0111\u1ea3m b\u1ea3o cung c\u1ea5p d\u1ecbch v\u1ee5 cho c\u00e1c \u0111\u1ed1i t\u00e1c v\u1edbi th\u1eddi gian ph\u1ea3n h\u1ed3i nhanh ch\u00f3ng, tr\u1ee3 gi\u00fap theo \u0111\u1ecbnh h\u01b0\u1edbng nhi\u1ec7m v\u1ee5 v\u00e0 x\u1eed l\u00fd v\u1ea5n \u0111\u1ec1.\n\n<\/p>\n                                <\/div>\n        \n        \n                <\/div>\n                <\/a>\n        <\/div>\t\t\t\t<\/div>\n\t\t\t\t<\/div>\n\t\t\t\t\t<\/div>\n\t\t<\/div>\n\t\t\t\t\t<\/div>\n\t\t<\/section>\n\t\t\t\t<\/div>","protected":false},"excerpt":{"rendered":"<p>Build a Better World. Build a better world by applying world?class expertise to solve its clients greatest challenges. Home https:\/\/qngti.net\/wp-content\/uploads\/2022\/12\/vd1.mp4https:\/\/qngti.net\/wp-content\/uploads\/2022\/12\/vd2.mp4#t=15 History Infinite Opportunities. Qu?ng Ninh General Trading &amp; Investment CO. LTD (QTI) is a leading provider of solutions and services in the field of commercial and defense technologies. As a reliable partner of the various [&hellip;]<\/p>","protected":false},"author":1,"featured_media":0,"parent":0,"menu_order":0,"comment_status":"closed","ping_status":"closed","template":"elementor_header_footer","meta":{"footnotes":""},"class_list":["post-155","page","type-page","status-publish","hentry"],"_links":{"self":[{"href":"https:\/\/qngti.net\/vi\/wp-json\/wp\/v2\/pages\/155","targetHints":{"allow":["GET"]}}],"collection":[{"href":"https:\/\/qngti.net\/vi\/wp-json\/wp\/v2\/pages"}],"about":[{"href":"https:\/\/qngti.net\/vi\/wp-json\/wp\/v2\/types\/page"}],"author":[{"embeddable":true,"href":"https:\/\/qngti.net\/vi\/wp-json\/wp\/v2\/users\/1"}],"replies":[{"embeddable":true,"href":"https:\/\/qngti.net\/vi\/wp-json\/wp\/v2\/comments?post=155"}],"version-history":[{"count":46,"href":"https:\/\/qngti.net\/vi\/wp-json\/wp\/v2\/pages\/155\/revisions"}],"predecessor-version":[{"id":567,"href":"https:\/\/qngti.net\/vi\/wp-json\/wp\/v2\/pages\/155\/revisions\/567"}],"wp:attachment":[{"href":"https:\/\/qngti.net\/vi\/wp-json\/wp\/v2\/media?parent=155"}],"curies":[{"name":"wp","href":"https:\/\/api.w.org\/{rel}","templated":true}]}}