{"id":148,"date":"2022-07-14T06:50:51","date_gmt":"2022-07-14T06:50:51","guid":{"rendered":"https:\/\/qngti.net\/?page_id=148"},"modified":"2025-01-16T22:24:22","modified_gmt":"2025-01-16T22:24:22","slug":"home","status":"publish","type":"page","link":"https:\/\/qngti.net\/vi\/","title":{"rendered":""},"content":{"rendered":"<div data-elementor-type=\"wp-page\" data-elementor-id=\"148\" class=\"elementor elementor-148\">\n\t\t\t\t\t\t<section class=\"elementor-section elementor-top-section elementor-element elementor-element-61bc54a5 elementor-section-full_width elementor-section-height-min-height elementor-section-stretched elementor-section-height-default elementor-section-items-middle\" data-id=\"61bc54a5\" data-element_type=\"section\" data-settings=\"{&quot;background_background&quot;:&quot;slideshow&quot;,&quot;stretch_section&quot;:&quot;section-stretched&quot;,&quot;background_slideshow_gallery&quot;:[{&quot;id&quot;:448,&quot;url&quot;:&quot;https:\\\/\\\/qngti.net\\\/wp-content\\\/uploads\\\/2022\\\/07\\\/WhatsApp-Image-2022-07-17-at-2.58.png&quot;},{&quot;id&quot;:449,&quot;url&quot;:&quot;https:\\\/\\\/qngti.net\\\/wp-content\\\/uploads\\\/2022\\\/07\\\/WhatsApp-Image-2022-07-17-at-2.51.png&quot;},{&quot;id&quot;:450,&quot;url&quot;:&quot;https:\\\/\\\/qngti.net\\\/wp-content\\\/uploads\\\/2022\\\/07\\\/WhatsApp-Image-2022-07-17-at-2.52.png&quot;},{&quot;id&quot;:451,&quot;url&quot;:&quot;https:\\\/\\\/qngti.net\\\/wp-content\\\/uploads\\\/2022\\\/07\\\/WhatsApp-Image-2022-07-17-at-2.53.png&quot;},{&quot;id&quot;:498,&quot;url&quot;:&quot;https:\\\/\\\/qngti.net\\\/wp-content\\\/uploads\\\/2022\\\/07\\\/WhatsApp-Image-2022-07-22-at-9.49.57-AM.jpeg&quot;}],&quot;background_slideshow_lazyload&quot;:&quot;yes&quot;,&quot;background_slideshow_loop&quot;:&quot;yes&quot;,&quot;background_slideshow_slide_duration&quot;:5000,&quot;background_slideshow_slide_transition&quot;:&quot;fade&quot;,&quot;background_slideshow_transition_duration&quot;:500}\">\n\t\t\t\t\t\t\t<div class=\"elementor-background-overlay\"><\/div>\n\t\t\t\t\t\t\t<div class=\"elementor-container elementor-column-gap-default\">\n\t\t\t\t\t<div class=\"elementor-column elementor-col-100 elementor-top-column elementor-element elementor-element-955ac34\" data-id=\"955ac34\" data-element_type=\"column\">\n\t\t\t<div class=\"elementor-widget-wrap\">\n\t\t\t\t\t\t\t<\/div>\n\t\t<\/div>\n\t\t\t\t\t<\/div>\n\t\t<\/section>\n\t\t\t\t<section class=\"elementor-section elementor-top-section elementor-element elementor-element-eb175a9 elementor-section-content-middle elementor-section-boxed elementor-section-height-default elementor-section-height-default\" data-id=\"eb175a9\" data-element_type=\"section\">\n\t\t\t\t\t\t<div class=\"elementor-container elementor-column-gap-default\">\n\t\t\t\t\t<div class=\"elementor-column elementor-col-50 elementor-top-column elementor-element elementor-element-45fb1ff9\" data-id=\"45fb1ff9\" data-element_type=\"column\">\n\t\t\t<div class=\"elementor-widget-wrap elementor-element-populated\">\n\t\t\t\t\t\t<div class=\"elementor-element elementor-element-46b93a93 elementor-widget elementor-widget-heading\" data-id=\"46b93a93\" data-element_type=\"widget\" data-widget_type=\"heading.default\">\n\t\t\t\t<div class=\"elementor-widget-container\">\n\t\t\t\t\t<h3 class=\"elementor-heading-title elementor-size-default\">T\u1ed5ng quan <\/h3>\t\t\t\t<\/div>\n\t\t\t\t<\/div>\n\t\t\t\t<div class=\"elementor-element elementor-element-5d1f8095 elementor-widget elementor-widget-text-editor\" data-id=\"5d1f8095\" data-element_type=\"widget\" data-widget_type=\"text-editor.default\">\n\t\t\t\t<div class=\"elementor-widget-container\">\n\t\t\t\t\t\t\t\t\t<p>Qu?ng Ninh General Trading &amp; Investment Co. Ltd. (QTI) is established under the Vietnamese laws, focusing on the commercial and defense industries. As a reliable partner of the various army forces, government, and public markets, QTI has extensive experience in projects providing surveys, consulting, design, project management, installation, and integration services.<\/p>\n<p>QTI \u0111\u00e3 thi\u1ebft l\u1eadp m\u1ed1i quan h\u1ec7 v\u1edbi c\u00e1c nh\u00e0 s\u1ea3n xu\u1ea5t h\u00e0ng \u0111\u1ea7u trong t\u1eebng ng\u00e0nh h\u00e0ng, kh\u00f4ng ng\u1eebng n\u00e2ng cao h\u1ee3p t\u00e1c \u0111\u1ec3 ch\u1ee7 \u0111\u1ed9ng t\u00ecm ki\u1ebfm c\u01a1 h\u1ed9i ph\u00e1t tri\u1ec3n kinh doanh s\u1ea3n ph\u1ea9m m\u1edbi t\u1ea1i th\u1ecb tr\u01b0\u1eddng Vi\u1ec7t Nam.<\/p>\t\t\t\t\t\t\t\t<\/div>\n\t\t\t\t<\/div>\n\t\t\t\t\t<\/div>\n\t\t<\/div>\n\t\t\t\t<div class=\"elementor-column elementor-col-50 elementor-top-column elementor-element elementor-element-1e8686b4\" data-id=\"1e8686b4\" data-element_type=\"column\">\n\t\t\t<div class=\"elementor-widget-wrap elementor-element-populated\">\n\t\t\t\t\t\t<div class=\"elementor-element elementor-element-bb21e44 elementor-widget elementor-widget-video\" data-id=\"bb21e44\" data-element_type=\"widget\" data-settings=\"{&quot;video_type&quot;:&quot;hosted&quot;,&quot;autoplay&quot;:&quot;yes&quot;,&quot;play_on_mobile&quot;:&quot;yes&quot;,&quot;controls&quot;:&quot;yes&quot;}\" data-widget_type=\"video.default\">\n\t\t\t\t<div class=\"elementor-widget-container\">\n\t\t\t\t\t\t\t<div class=\"e-hosted-video elementor-wrapper elementor-open-inline\">\n\t\t\t\t\t<video class=\"elementor-video\" src=\"https:\/\/qngti.net\/wp-content\/uploads\/2022\/07\/WhatsApp-Video-2022-07-17-at-2.20.08-PM.mp4\" autoplay=\"\" controls=\"\" playsinline=\"\" controlslist=\"nodownload\" poster=\"https:\/\/qngti.net\/wp-content\/uploads\/2022\/07\/WhatsApp-Image-2022-07-17-at-2.14.47-PM-1.jpeg\"><\/video>\n\t\t\t\t<\/div>\n\t\t\t\t\t\t<\/div>\n\t\t\t\t<\/div>\n\t\t\t\t\t<\/div>\n\t\t<\/div>\n\t\t\t\t\t<\/div>\n\t\t<\/section>\n\t\t\t\t<section class=\"elementor-section elementor-top-section elementor-element elementor-element-c79c41 elementor-section-full_width elementor-section-height-default elementor-section-height-default\" data-id=\"c79c41\" data-element_type=\"section\" data-settings=\"{&quot;background_background&quot;:&quot;classic&quot;}\">\n\t\t\t\t\t\t<div class=\"elementor-container elementor-column-gap-default\">\n\t\t\t\t\t<div class=\"elementor-column elementor-col-50 elementor-top-column elementor-element elementor-element-223b1b77\" data-id=\"223b1b77\" data-element_type=\"column\">\n\t\t\t<div class=\"elementor-widget-wrap elementor-element-populated\">\n\t\t\t\t\t\t<div class=\"elementor-element elementor-element-0a00a8f elementor-widget elementor-widget-video\" data-id=\"0a00a8f\" data-element_type=\"widget\" data-settings=\"{&quot;video_type&quot;:&quot;hosted&quot;,&quot;autoplay&quot;:&quot;yes&quot;,&quot;play_on_mobile&quot;:&quot;yes&quot;,&quot;controls&quot;:&quot;yes&quot;}\" data-widget_type=\"video.default\">\n\t\t\t\t<div class=\"elementor-widget-container\">\n\t\t\t\t\t\t\t<div class=\"e-hosted-video elementor-wrapper elementor-open-inline\">\n\t\t\t\t\t<video class=\"elementor-video\" src=\"https:\/\/qngti.net\/wp-content\/uploads\/2022\/07\/WhatsApp-Video-2022-07-17-at-2.20.09-PM.mp4\" autoplay=\"\" controls=\"\" playsinline=\"\" controlslist=\"nodownload\"><\/video>\n\t\t\t\t<\/div>\n\t\t\t\t\t\t<\/div>\n\t\t\t\t<\/div>\n\t\t\t\t\t<\/div>\n\t\t<\/div>\n\t\t\t\t<div class=\"elementor-column elementor-col-50 elementor-top-column elementor-element elementor-element-1c2a1f2\" data-id=\"1c2a1f2\" data-element_type=\"column\">\n\t\t\t<div class=\"elementor-widget-wrap elementor-element-populated\">\n\t\t\t\t\t\t<div class=\"elementor-element elementor-element-a9e936e elementor-widget elementor-widget-heading\" data-id=\"a9e936e\" data-element_type=\"widget\" data-widget_type=\"heading.default\">\n\t\t\t\t<div class=\"elementor-widget-container\">\n\t\t\t\t\t<h2 class=\"elementor-heading-title elementor-size-default\">Delivering results, reliability, &amp; rock solid dependability.<\/h2>\t\t\t\t<\/div>\n\t\t\t\t<\/div>\n\t\t\t\t<div class=\"elementor-element elementor-element-f11c448 elementor-widget elementor-widget-heading\" data-id=\"f11c448\" data-element_type=\"widget\" data-widget_type=\"heading.default\">\n\t\t\t\t<div class=\"elementor-widget-container\">\n\t\t\t\t\t<h5 class=\"elementor-heading-title elementor-size-default\">We develop creative, comprehensive, and sustainable engineering solutions for a future where society can thrive.<\/h5>\t\t\t\t<\/div>\n\t\t\t\t<\/div>\n\t\t\t\t\t<\/div>\n\t\t<\/div>\n\t\t\t\t\t<\/div>\n\t\t<\/section>\n\t\t\t\t<section data-pa-eq-height=\"{&quot;targetType&quot;:&quot;widget&quot;,&quot;target&quot;:[&quot;.elementor-widget-call-to-action .elementor-widget-container&quot;],&quot;trigger&quot;:&quot;load&quot;,&quot;enableOn&quot;:[&quot;desktop&quot;,&quot;tablet&quot;,&quot;mobile&quot;]}\" class=\"elementor-section elementor-top-section elementor-element elementor-element-209bb260 premium-equal-height-yes elementor-section-boxed elementor-section-height-default elementor-section-height-default\" data-id=\"209bb260\" data-element_type=\"section\" data-settings=\"{&quot;background_background&quot;:&quot;classic&quot;,&quot;premium_eq_height_switcher&quot;:&quot;yes&quot;,&quot;premium_eq_height_target&quot;:[&quot;.elementor-widget-call-to-action .elementor-widget-container&quot;]}\">\n\t\t\t\t\t\t\t<div class=\"elementor-background-overlay\"><\/div>\n\t\t\t\t\t\t\t<div class=\"elementor-container elementor-column-gap-default\">\n\t\t\t\t\t<div class=\"elementor-column elementor-col-33 elementor-top-column elementor-element elementor-element-49b2403f\" data-id=\"49b2403f\" data-element_type=\"column\">\n\t\t\t<div class=\"elementor-widget-wrap elementor-element-populated\">\n\t\t\t\t\t\t<div class=\"elementor-element elementor-element-79cfdf11 elementor-widget elementor-widget-heading\" data-id=\"79cfdf11\" data-element_type=\"widget\" data-widget_type=\"heading.default\">\n\t\t\t\t<div class=\"elementor-widget-container\">\n\t\t\t\t\t<h6 class=\"elementor-heading-title elementor-size-default\">What we do<\/h6>\t\t\t\t<\/div>\n\t\t\t\t<\/div>\n\t\t\t\t<div class=\"elementor-element elementor-element-327ea5d6 elementor-widget elementor-widget-heading\" data-id=\"327ea5d6\" data-element_type=\"widget\" data-widget_type=\"heading.default\">\n\t\t\t\t<div class=\"elementor-widget-container\">\n\t\t\t\t\t<h2 class=\"elementor-heading-title elementor-size-default\">Expertise<\/h2>\t\t\t\t<\/div>\n\t\t\t\t<\/div>\n\t\t\t\t<div class=\"elementor-element elementor-element-61ffc03f elementor-widget elementor-widget-spacer\" data-id=\"61ffc03f\" data-element_type=\"widget\" data-widget_type=\"spacer.default\">\n\t\t\t\t<div class=\"elementor-widget-container\">\n\t\t\t\t\t\t\t<div class=\"elementor-spacer\">\n\t\t\t<div class=\"elementor-spacer-inner\"><\/div>\n\t\t<\/div>\n\t\t\t\t\t\t<\/div>\n\t\t\t\t<\/div>\n\t\t\t\t\t<\/div>\n\t\t<\/div>\n\t\t\t\t<div class=\"elementor-column elementor-col-33 elementor-top-column elementor-element elementor-element-303adc1a\" data-id=\"303adc1a\" data-element_type=\"column\">\n\t\t\t<div class=\"elementor-widget-wrap elementor-element-populated\">\n\t\t\t\t\t\t<div class=\"elementor-element elementor-element-5ee6cf1e elementor-cta--layout-image-above elementor-cta--skin-classic elementor-animated-content elementor-bg-transform elementor-bg-transform-zoom-in elementor-widget elementor-widget-call-to-action\" data-id=\"5ee6cf1e\" data-element_type=\"widget\" data-widget_type=\"call-to-action.default\">\n\t\t\t\t<div class=\"elementor-widget-container\">\n\t\t\t\t\t\t\t<div class=\"elementor-cta\">\n\t\t\t\t\t<div class=\"elementor-cta__bg-wrapper\">\n\t\t\t\t<div class=\"elementor-cta__bg elementor-bg\" style=\"background-image: url(https:\/\/qngti.net\/wp-content\/uploads\/2022\/07\/shutterstock_669170812_huge-1024x576.webp);\"><\/div>\n\t\t\t\t<div class=\"elementor-cta__bg-overlay\"><\/div>\n\t\t\t<\/div>\n\t\t\t\t\t\t\t<div class=\"elementor-cta__content\">\n\t\t\t\t\n\t\t\t\t<h4 class=\"elementor-cta__title elementor-cta__content-item elementor-content-item\">Government &amp; Public<\/h4>\n\t\t\t\t\t\t\t\t\t<div class=\"elementor-cta__description elementor-cta__content-item elementor-content-item\">\n\t\t\t\t\t\tQTI c\u00f3 n\u0103ng l\u1ef1c t\u01b0 v\u1ea5n v\u00e0 thi\u1ebft k\u1ebf c\u00e1c gi\u1ea3i ph\u00e1p t\u00edch h\u1ee3p cho c\u00e1c lo\u1ea1i \u1ee9ng d\u1ee5ng v\u00e0 m\u1ee5c \u0111\u00edch kh\u00e1c nhau, ch\u00fang t\u00f4i chuy\u00ean v\u1ec1 c\u00e1c gi\u1ea3i ph\u00e1p th\u00f4ng minh v\u00e0 ti\u00ean ti\u1ebfn \u0111\u1ec3 ph\u1ee5c v\u1ee5 ch\u00ednh ph\u1ee7 v\u00e0 th\u1ecb tr\u01b0\u1eddng d\u00e2n s\u1ef1.\n\n\t\t\t\t\t<\/div>\n\t\t\t\t\n\t\t\t\t\t\t\t<\/div>\n\t\t\t\t\t\t<\/div>\n\t\t\t\t\t\t<\/div>\n\t\t\t\t<\/div>\n\t\t\t\t\t<\/div>\n\t\t<\/div>\n\t\t\t\t<div class=\"elementor-column elementor-col-33 elementor-top-column elementor-element elementor-element-508d439c\" data-id=\"508d439c\" data-element_type=\"column\">\n\t\t\t<div class=\"elementor-widget-wrap elementor-element-populated\">\n\t\t\t\t\t\t<div class=\"elementor-element elementor-element-54dcaddc elementor-cta--layout-image-above elementor-cta--skin-classic elementor-animated-content elementor-bg-transform elementor-bg-transform-zoom-in elementor-widget elementor-widget-call-to-action\" data-id=\"54dcaddc\" data-element_type=\"widget\" data-widget_type=\"call-to-action.default\">\n\t\t\t\t<div class=\"elementor-widget-container\">\n\t\t\t\t\t\t\t<div class=\"elementor-cta\">\n\t\t\t\t\t<div class=\"elementor-cta__bg-wrapper\">\n\t\t\t\t<div class=\"elementor-cta__bg elementor-bg\" style=\"background-image: url(https:\/\/qngti.net\/wp-content\/uploads\/2022\/07\/shutterstock_761940757_huge-1024x576.webp);\"><\/div>\n\t\t\t\t<div class=\"elementor-cta__bg-overlay\"><\/div>\n\t\t\t<\/div>\n\t\t\t\t\t\t\t<div class=\"elementor-cta__content\">\n\t\t\t\t\n\t\t\t\t<h4 class=\"elementor-cta__title elementor-cta__content-item elementor-content-item\">An ninh &amp; qu\u1ed1c ph\u00f2ng<\/h4>\n\t\t\t\t\t\t\t\t\t<div class=\"elementor-cta__description elementor-cta__content-item elementor-content-item\">\n\t\t\t\t\t\tQTI c\u00f3 nhi\u1ec1u n\u0103m kinh nghi\u1ec7m t\u01b0 v\u1ea5n v\u00e0 ph\u00e1t tri\u1ec3n kinh doanh trong l\u0129nh v\u1ef1c c\u00f4ng nghi\u1ec7p qu\u1ed1c ph\u00f2ng v\u1edbi c\u00e1c s\u1ea3n ph\u1ea9m v\u00e0 c\u00f4ng ngh\u1ec7 ti\u00ean ti\u1ebfn ph\u1ee5c v\u1ee5 qu\u00e2n s\u1ef1. Ch\u00fang t\u00f4i \u0111\u00e3 tr\u1edf th\u00e0nh \u0111\u1ed1i t\u00e1c uy t\u00edn c\u1ee7a nhi\u1ec1u c\u00f4ng ty c\u00f4ng ngh\u1ec7 h\u00e0ng \u0111\u1ea7u trong ng\u00e0nh c\u00f4ng nghi\u1ec7p qu\u1ed1c ph\u00f2ng nh\u1edd n\u1ed7 l\u1ef1c v\u00e0 h\u1ed7 tr\u1ee3 hi\u1ec7u qu\u1ea3 c\u00e1c ho\u1ea1t \u0111\u1ed9ng qu\u1ea3ng c\u00e1o, x\u00fac ti\u1ebfn b\u00e1n s\u1ea3n ph\u1ea9m c\u1ee7a h\u1ecd, t\u1eeb khi b\u1eaft \u0111\u1ea7u gi\u1edbi thi\u1ec7u s\u1ea3n ph\u1ea9m \u0111\u1ebfn khi \u0111\u1ea1t \u0111\u01b0\u1ee3c th\u1ecfa thu\u1eadn. \n\n\t\t\t\t\t<\/div>\n\t\t\t\t\n\t\t\t\t\t\t\t<\/div>\n\t\t\t\t\t\t<\/div>\n\t\t\t\t\t\t<\/div>\n\t\t\t\t<\/div>\n\t\t\t\t\t<\/div>\n\t\t<\/div>\n\t\t\t\t\t<\/div>\n\t\t<\/section>\n\t\t\t\t<\/div>","protected":false},"excerpt":{"rendered":"<p>Overview Qu?ng Ninh General Trading &amp; Investment Co. Ltd. (QTI) is established under the Vietnamese laws, focusing on the commercial and defense industries. As a reliable partner of the various army forces, government, and public markets, QTI has extensive experience in projects providing surveys, consulting, design, project management, installation, and integration services. QTI has established [&hellip;]<\/p>","protected":false},"author":1,"featured_media":0,"parent":0,"menu_order":0,"comment_status":"closed","ping_status":"closed","template":"elementor_header_footer","meta":{"footnotes":""},"class_list":["post-148","page","type-page","status-publish","hentry"],"_links":{"self":[{"href":"https:\/\/qngti.net\/vi\/wp-json\/wp\/v2\/pages\/148","targetHints":{"allow":["GET"]}}],"collection":[{"href":"https:\/\/qngti.net\/vi\/wp-json\/wp\/v2\/pages"}],"about":[{"href":"https:\/\/qngti.net\/vi\/wp-json\/wp\/v2\/types\/page"}],"author":[{"embeddable":true,"href":"https:\/\/qngti.net\/vi\/wp-json\/wp\/v2\/users\/1"}],"replies":[{"embeddable":true,"href":"https:\/\/qngti.net\/vi\/wp-json\/wp\/v2\/comments?post=148"}],"version-history":[{"count":76,"href":"https:\/\/qngti.net\/vi\/wp-json\/wp\/v2\/pages\/148\/revisions"}],"predecessor-version":[{"id":581,"href":"https:\/\/qngti.net\/vi\/wp-json\/wp\/v2\/pages\/148\/revisions\/581"}],"wp:attachment":[{"href":"https:\/\/qngti.net\/vi\/wp-json\/wp\/v2\/media?parent=148"}],"curies":[{"name":"wp","href":"https:\/\/api.w.org\/{rel}","templated":true}]}}