{"id":323,"date":"2022-07-16T10:54:19","date_gmt":"2022-07-16T10:54:19","guid":{"rendered":"https:\/\/qngti.net\/?page_id=323"},"modified":"2022-07-19T04:01:39","modified_gmt":"2022-07-19T04:01:39","slug":"industries","status":"publish","type":"page","link":"http:\/\/qngti.net\/vi\/industries\/","title":{"rendered":""},"content":{"rendered":"<div data-elementor-type=\"wp-page\" data-elementor-id=\"323\" class=\"elementor elementor-323\">\n\t\t\t\t\t\t<section class=\"elementor-section elementor-top-section elementor-element elementor-element-6209ff36 elementor-section-boxed elementor-section-height-default elementor-section-height-default\" data-id=\"6209ff36\" data-element_type=\"section\" data-settings=\"{&quot;background_background&quot;:&quot;classic&quot;}\">\n\t\t\t\t\t\t\t<div class=\"elementor-background-overlay\"><\/div>\n\t\t\t\t\t\t\t<div class=\"elementor-container elementor-column-gap-default\">\n\t\t\t\t\t<div class=\"elementor-column elementor-col-100 elementor-top-column elementor-element elementor-element-33880a63\" data-id=\"33880a63\" data-element_type=\"column\">\n\t\t\t<div class=\"elementor-widget-wrap elementor-element-populated\">\n\t\t\t\t\t\t<div class=\"elementor-element elementor-element-1f8d2faa elementor-widget elementor-widget-heading\" data-id=\"1f8d2faa\" data-element_type=\"widget\" data-widget_type=\"heading.default\">\n\t\t\t\t<div class=\"elementor-widget-container\">\n\t\t\t\t\t<h1 class=\"elementor-heading-title elementor-size-default\">Come Work with Us.<\/h1>\t\t\t\t<\/div>\n\t\t\t\t<\/div>\n\t\t\t\t<div class=\"elementor-element elementor-element-f815f5e elementor-widget elementor-widget-heading\" data-id=\"f815f5e\" data-element_type=\"widget\" data-widget_type=\"heading.default\">\n\t\t\t\t<div class=\"elementor-widget-container\">\n\t\t\t\t\t<h5 class=\"elementor-heading-title elementor-size-default\">Start Your Future with QNGTI. Learn about the Work We Offer.<\/h5>\t\t\t\t<\/div>\n\t\t\t\t<\/div>\n\t\t\t\t\t<\/div>\n\t\t<\/div>\n\t\t\t\t\t<\/div>\n\t\t<\/section>\n\t\t\t\t<section class=\"elementor-section elementor-top-section elementor-element elementor-element-1221d227 elementor-section-boxed elementor-section-height-default elementor-section-height-default\" data-id=\"1221d227\" data-element_type=\"section\">\n\t\t\t\t\t\t<div class=\"elementor-container elementor-column-gap-default\">\n\t\t\t\t\t<div class=\"elementor-column elementor-col-100 elementor-top-column elementor-element elementor-element-1afa7651\" data-id=\"1afa7651\" data-element_type=\"column\" data-settings=\"{&quot;background_background&quot;:&quot;classic&quot;}\">\n\t\t\t<div class=\"elementor-widget-wrap elementor-element-populated\">\n\t\t\t\t\t\t<div class=\"elementor-element elementor-element-f8837a0 elementor-icon-list--layout-inline elementor-align-center elementor-list-item-link-full_width elementor-widget elementor-widget-icon-list\" data-id=\"f8837a0\" data-element_type=\"widget\" data-widget_type=\"icon-list.default\">\n\t\t\t\t<div class=\"elementor-widget-container\">\n\t\t\t\t\t\t\t<ul class=\"elementor-icon-list-items elementor-inline-items\">\n\t\t\t\t\t\t\t<li class=\"elementor-icon-list-item elementor-inline-item\">\n\t\t\t\t\t\t\t\t\t\t<span class=\"elementor-icon-list-text\">Trang ch\u1ee7<\/span>\n\t\t\t\t\t\t\t\t\t<\/li>\n\t\t\t\t\t\t\t\t<li class=\"elementor-icon-list-item elementor-inline-item\">\n\t\t\t\t\t\t\t\t\t\t\t<span class=\"elementor-icon-list-icon\">\n\t\t\t\t\t\t\t<i aria-hidden=\"true\" class=\"icon icon-right-arrow2\"><\/i>\t\t\t\t\t\t<\/span>\n\t\t\t\t\t\t\t\t\t\t<span class=\"elementor-icon-list-text\">C\u00e1c ng\u00e0nh ngh\u1ec1<\/span>\n\t\t\t\t\t\t\t\t\t<\/li>\n\t\t\t\t\t\t<\/ul>\n\t\t\t\t\t\t<\/div>\n\t\t\t\t<\/div>\n\t\t\t\t<div class=\"elementor-element elementor-element-2811bde0 elementor-widget elementor-widget-heading\" data-id=\"2811bde0\" data-element_type=\"widget\" data-widget_type=\"heading.default\">\n\t\t\t\t<div class=\"elementor-widget-container\">\n\t\t\t\t\t<h2 class=\"elementor-heading-title elementor-size-default\">C\u00e1c ng\u00e0nh ngh\u1ec1<\/h2>\t\t\t\t<\/div>\n\t\t\t\t<\/div>\n\t\t\t\t\t<\/div>\n\t\t<\/div>\n\t\t\t\t\t<\/div>\n\t\t<\/section>\n\t\t\t\t<section class=\"elementor-section elementor-top-section elementor-element elementor-element-4681acdf elementor-section-boxed elementor-section-height-default elementor-section-height-default\" data-id=\"4681acdf\" data-element_type=\"section\">\n\t\t\t\t\t\t<div class=\"elementor-container elementor-column-gap-default\">\n\t\t\t\t\t<div class=\"elementor-column elementor-col-50 elementor-top-column elementor-element elementor-element-2a4bb061\" data-id=\"2a4bb061\" data-element_type=\"column\">\n\t\t\t<div class=\"elementor-widget-wrap elementor-element-populated\">\n\t\t\t\t\t\t<div class=\"elementor-element elementor-element-17e5ae0 elementor-widget elementor-widget-video\" data-id=\"17e5ae0\" data-element_type=\"widget\" data-settings=\"{&quot;video_type&quot;:&quot;hosted&quot;,&quot;start&quot;:0,&quot;autoplay&quot;:&quot;yes&quot;,&quot;play_on_mobile&quot;:&quot;yes&quot;,&quot;controls&quot;:&quot;yes&quot;}\" data-widget_type=\"video.default\">\n\t\t\t\t<div class=\"elementor-widget-container\">\n\t\t\t\t\t\t\t<div class=\"e-hosted-video elementor-wrapper elementor-open-inline\">\n\t\t\t\t\t<video class=\"elementor-video\" src=\"https:\/\/qngti.net\/wp-content\/uploads\/2022\/07\/WhatsApp-Video-2022-07-17-at-2.46.08-PM.mp4\" autoplay=\"\" controls=\"\" playsinline=\"\" controlslist=\"nodownload\"><\/video>\n\t\t\t\t<\/div>\n\t\t\t\t\t\t<\/div>\n\t\t\t\t<\/div>\n\t\t\t\t\t<\/div>\n\t\t<\/div>\n\t\t\t\t<div class=\"elementor-column elementor-col-50 elementor-top-column elementor-element elementor-element-5043e02c\" data-id=\"5043e02c\" data-element_type=\"column\">\n\t\t\t<div class=\"elementor-widget-wrap elementor-element-populated\">\n\t\t\t\t\t\t<div class=\"elementor-element elementor-element-5505f5e2 elementor-widget elementor-widget-heading\" data-id=\"5505f5e2\" data-element_type=\"widget\" data-widget_type=\"heading.default\">\n\t\t\t\t<div class=\"elementor-widget-container\">\n\t\t\t\t\t<h2 class=\"elementor-heading-title elementor-size-default\">An ninh &amp; qu\u1ed1c ph\u00f2ng\n<\/h2>\t\t\t\t<\/div>\n\t\t\t\t<\/div>\n\t\t\t\t<div class=\"elementor-element elementor-element-214f0a30 elementor-widget elementor-widget-text-editor\" data-id=\"214f0a30\" data-element_type=\"widget\" data-widget_type=\"text-editor.default\">\n\t\t\t\t<div class=\"elementor-widget-container\">\n\t\t\t\t\t\t\t\t\t<p>QTI c\u00f3 nhi\u1ec1u n\u0103m kinh nghi\u1ec7m t\u01b0 v\u1ea5n v\u00e0 ph\u00e1t tri\u1ec3n kinh doanh trong l\u0129nh v\u1ef1c c\u00f4ng nghi\u1ec7p qu\u1ed1c ph\u00f2ng v\u1edbi c\u00e1c s\u1ea3n ph\u1ea9m v\u00e0 c\u00f4ng ngh\u1ec7 ti\u00ean ti\u1ebfn ph\u1ee5c v\u1ee5 qu\u00e2n s\u1ef1. Ch\u00fang t\u00f4i \u0111\u00e3 tr\u1edf th\u00e0nh \u0111\u1ed1i t\u00e1c uy t\u00edn c\u1ee7a nhi\u1ec1u c\u00f4ng ty c\u00f4ng ngh\u1ec7 h\u00e0ng \u0111\u1ea7u trong ng\u00e0nh c\u00f4ng nghi\u1ec7p qu\u1ed1c ph\u00f2ng nh\u1edd n\u1ed7 l\u1ef1c v\u00e0 h\u1ed7 tr\u1ee3 hi\u1ec7u qu\u1ea3 c\u00e1c ho\u1ea1t \u0111\u1ed9ng qu\u1ea3ng c\u00e1o, x\u00fac ti\u1ebfn b\u00e1n s\u1ea3n ph\u1ea9m c\u1ee7a h\u1ecd, t\u1eeb khi b\u1eaft \u0111\u1ea7u gi\u1edbi thi\u1ec7u s\u1ea3n ph\u1ea9m \u0111\u1ebfn khi \u0111\u1ea1t \u0111\u01b0\u1ee3c th\u1ecfa thu\u1eadn. C\u00e1c s\u1ea3n ph\u1ea9m v\u00e0 gi\u1ea3i ph\u00e1p th\u1ebf m\u1ea1nh c\u1ee7a ch\u00fang t\u00f4i bao g\u1ed3m:<\/p><ul><li>Ch\u01b0\u01a1ng tr\u00ecnh c\u1ea3i ho\u00e1n ph\u1ee9c t\u1ea1p<\/li><li>N\u00e2ng c\u1ea5p h\u1ec7 th\u1ed1ng<\/li><li>Gi\u1ea3i ph\u00e1p kh\u1ea3o s\u00e1t th\u1ee7y v\u0103n<\/li><li>H\u1ec7 th\u1ed1ng \u0111\u1ecbnh v\u1ecb d\u1eabn \u0111\u01b0\u1eddng<\/li><li>H\u1ec7 th\u1ed1ng th\u00f4ng tin li\u00ean l\u1ea1c<\/li><li>H\u1ec7 th\u1ed1ng th\u00f4ng tin ch\u1ec9 huy \u0111i\u1ec1u h\u00e0nh t\u00edch h\u1ee3p (C4I)<\/li><li>H\u1ec7 th\u1ed1ng gi\u00e1m s\u00e1t<\/li><\/ul>\t\t\t\t\t\t\t\t<\/div>\n\t\t\t\t<\/div>\n\t\t\t\t\t<\/div>\n\t\t<\/div>\n\t\t\t\t\t<\/div>\n\t\t<\/section>\n\t\t\t\t<section class=\"elementor-section elementor-top-section elementor-element elementor-element-0a4bb0f elementor-section-boxed elementor-section-height-default elementor-section-height-default\" data-id=\"0a4bb0f\" data-element_type=\"section\" data-settings=\"{&quot;background_background&quot;:&quot;classic&quot;}\">\n\t\t\t\t\t\t<div class=\"elementor-container elementor-column-gap-default\">\n\t\t\t\t\t<div class=\"elementor-column elementor-col-100 elementor-top-column elementor-element elementor-element-3c0f4e8\" data-id=\"3c0f4e8\" data-element_type=\"column\">\n\t\t\t<div class=\"elementor-widget-wrap elementor-element-populated\">\n\t\t\t\t\t\t<div class=\"elementor-element elementor-element-bda0ef1 elementor-widget elementor-widget-heading\" data-id=\"bda0ef1\" data-element_type=\"widget\" data-widget_type=\"heading.default\">\n\t\t\t\t<div class=\"elementor-widget-container\">\n\t\t\t\t\t<h2 class=\"elementor-heading-title elementor-size-default\">C\u00e1c c\u00f4ng ngh\u1ec7 qu\u1ed1c ph\u00f2ng m\u1edbi\n<\/h2>\t\t\t\t<\/div>\n\t\t\t\t<\/div>\n\t\t\t\t<div class=\"elementor-element elementor-element-bc357a7 elementor-widget elementor-widget-heading\" data-id=\"bc357a7\" data-element_type=\"widget\" data-widget_type=\"heading.default\">\n\t\t\t\t<div class=\"elementor-widget-container\">\n\t\t\t\t\t<h5 class=\"elementor-heading-title elementor-size-default\">QTI c\u00f3 nhi\u1ec1u n\u0103m kinh nghi\u1ec7m t\u01b0 v\u1ea5n v\u00e0 ph\u00e1t tri\u1ec3n kinh doanh trong l\u0129nh v\u1ef1c c\u00f4ng nghi\u1ec7p qu\u1ed1c ph\u00f2ng v\u1edbi c\u00e1c s\u1ea3n ph\u1ea9m v\u00e0 c\u00f4ng ngh\u1ec7 ph\u1ee5c v\u1ee5 qu\u00e2n s\u1ef1. Ch\u00fang t\u00f4i \u0111\u00e3 tr\u1edf th\u00e0nh \u0111\u1ed1i t\u00e1c uy t\u00edn c\u1ee7a nhi\u1ec1u c\u00f4ng ty c\u00f4ng ngh\u1ec7 h\u00e0ng \u0111\u1ea7u trong ng\u00e0nh c\u00f4ng nghi\u1ec7p qu\u1ed1c ph\u00f2ng nh\u1edd n\u1ed7 l\u1ef1c v\u00e0 h\u1ed7 tr\u1ee3 hi\u1ec7u qu\u1ea3 c\u00e1c ho\u1ea1t \u0111\u1ed9ng qu\u1ea3ng c\u00e1o, x\u00fac ti\u1ebfn b\u00e1n s\u1ea3n ph\u1ea9m c\u1ee7a h\u1ecd, t\u1eeb khi b\u1eaft \u0111\u1ea7u gi\u1edbi thi\u1ec7u s\u1ea3n ph\u1ea9m \u0111\u1ebfn khi \u0111\u1ea1t \u0111\u01b0\u1ee3c th\u1ecfa thu\u1eadn. C\u00e1c s\u1ea3n ph\u1ea9m v\u00e0 gi\u1ea3i ph\u00e1p th\u1ebf m\u1ea1nh c\u1ee7a ch\u00fang t\u00f4i bao g\u1ed3m:<\/h5>\t\t\t\t<\/div>\n\t\t\t\t<\/div>\n\t\t\t\t<div class=\"elementor-element elementor-element-b6255fa elementor-align-center bdt-navigation-type-arrows elementor-widget elementor-widget-bdt-slider\" data-id=\"b6255fa\" data-element_type=\"widget\" data-widget_type=\"bdt-slider.default\">\n\t\t\t\t<div class=\"elementor-widget-container\">\n\t\t\t\t\t\t\t<div id=\"bdt-slider-b6255fa\" class=\"bdt-slider bdt-arrows-align-center\" data-settings=\"{&quot;autoplay&quot;:{&quot;delay&quot;:5000},&quot;loop&quot;:true,&quot;speed&quot;:500,&quot;effect&quot;:&quot;slide&quot;,&quot;fadeEffect&quot;:{&quot;crossFade&quot;:true},&quot;navigation&quot;:{&quot;nextEl&quot;:&quot;#bdt-slider-b6255fa .bdt-navigation-next&quot;,&quot;prevEl&quot;:&quot;#bdt-slider-b6255fa .bdt-navigation-prev&quot;},&quot;pagination&quot;:{&quot;el&quot;:&quot;#bdt-slider-b6255fa .swiper-pagination&quot;,&quot;type&quot;:&quot;&quot;,&quot;clickable&quot;:&quot;true&quot;,&quot;dynamicBullets&quot;:false},&quot;scrollbar&quot;:{&quot;el&quot;:&quot;#bdt-slider-b6255fa .swiper-scrollbar&quot;,&quot;hide&quot;:&quot;true&quot;}}\">\n\t\t\t<div class=\"swiper-carousel swiper\" role=\"region\" aria-roledescription=\"carousel\" aria-label=\"Slider\" dir=\"ltr\">\n\t\t\t\t\t\t<div class=\"swiper-wrapper\">\n\t\t\t\t\t<div class=\"bdt-slide-item swiper-slide bdt-slide-effect-left\">\n\n\t\t\t\t\n\t\t\t\t\t\t\t\t\t\t\t<div class=\"bdt-slider-image-wrapper\">\n\t\t\t\t\t\t\t<img fetchpriority=\"high\" decoding=\"async\" width=\"1256\" height=\"756\" src=\"https:\/\/qngti.net\/wp-content\/uploads\/2022\/07\/MES7078-figures-2.jpg\" class=\"bdt-cover\" alt=\"Inertial Navigation System\" data-bdt-cover=\"1\" srcset=\"https:\/\/qngti.net\/wp-content\/uploads\/2022\/07\/MES7078-figures-2.jpg 1256w, https:\/\/qngti.net\/wp-content\/uploads\/2022\/07\/MES7078-figures-2-300x181.jpg 300w, https:\/\/qngti.net\/wp-content\/uploads\/2022\/07\/MES7078-figures-2-1024x616.jpg 1024w, https:\/\/qngti.net\/wp-content\/uploads\/2022\/07\/MES7078-figures-2-768x462.jpg 768w, https:\/\/qngti.net\/wp-content\/uploads\/2022\/07\/MES7078-figures-2-18x12.jpg 18w\" sizes=\"(max-width: 1256px) 100vw, 1256px\">\t\t\t\t\t\t<\/div>\n\t\t\t\t\t\n\t\t\t\t\t<div class=\"bdt-slide-desc bdt-position-large bdt-position-bottom-center bdt-position-z-index\">\n\n\t\t\t\t\t\t\t\t\t\t\t\t\t<h2 class=\"bdt-slide-title bdt-clearfix\">\n\t\t\t\t\t\t\t\tH\u1ec7 th\u1ed1ng \u0111\u1ecbnh v\u1ecb d\u1eabn \u0111\u01b0\u1eddng\t\t\t\t\t\t\t<\/h2>\n\t\t\t\t\t\t\n\t\t\t\t\t\t\n\t\t\t\t\t\t\t\t\t\t\t<\/div>\n\n\t\t\t\t\n\t\t\t<\/div>\n\t\t\t\t\t\t<div class=\"bdt-slide-item swiper-slide bdt-slide-effect-left\">\n\n\t\t\t\t\n\t\t\t\t\t\t\t\t\t\t\t<div class=\"bdt-slider-image-wrapper\">\n\t\t\t\t\t\t\t<img decoding=\"async\" width=\"800\" height=\"600\" src=\"https:\/\/qngti.net\/wp-content\/uploads\/2022\/07\/thales-launches-sophie-lite-surveillance-system.jpg\" class=\"bdt-cover\" alt=\"Optronic &amp; Defense Surveillance\" data-bdt-cover=\"1\" srcset=\"https:\/\/qngti.net\/wp-content\/uploads\/2022\/07\/thales-launches-sophie-lite-surveillance-system.jpg 800w, https:\/\/qngti.net\/wp-content\/uploads\/2022\/07\/thales-launches-sophie-lite-surveillance-system-300x225.jpg 300w, https:\/\/qngti.net\/wp-content\/uploads\/2022\/07\/thales-launches-sophie-lite-surveillance-system-768x576.jpg 768w, https:\/\/qngti.net\/wp-content\/uploads\/2022\/07\/thales-launches-sophie-lite-surveillance-system-16x12.jpg 16w\" sizes=\"(max-width: 800px) 100vw, 800px\">\t\t\t\t\t\t<\/div>\n\t\t\t\t\t\n\t\t\t\t\t<div class=\"bdt-slide-desc bdt-position-large bdt-position-bottom-center bdt-position-z-index\">\n\n\t\t\t\t\t\t\t\t\t\t\t\t\t<h2 class=\"bdt-slide-title bdt-clearfix\">\n\t\t\t\t\t\t\t\tQuang \u0111i\u1ec7n t\u1eed gi\u00e1m s\u00e1t &amp; ph\u00f2ng th\u1ee7\t\t\t\t\t\t\t<\/h2>\n\t\t\t\t\t\t\n\t\t\t\t\t\t\n\t\t\t\t\t\t\t\t\t\t\t<\/div>\n\n\t\t\t\t\n\t\t\t<\/div>\n\t\t\t\t\t\t<div class=\"bdt-slide-item swiper-slide bdt-slide-effect-left\">\n\n\t\t\t\t\n\t\t\t\t\t\t\t\t\t\t\t<div class=\"bdt-slider-image-wrapper\">\n\t\t\t\t\t\t\t<img decoding=\"async\" width=\"922\" height=\"501\" src=\"https:\/\/qngti.net\/wp-content\/uploads\/2022\/07\/572965364d768528dc67.webp\" class=\"bdt-cover\" alt=\"Undersea Systems\" data-bdt-cover=\"1\" srcset=\"https:\/\/qngti.net\/wp-content\/uploads\/2022\/07\/572965364d768528dc67.webp 922w, https:\/\/qngti.net\/wp-content\/uploads\/2022\/07\/572965364d768528dc67-300x163.webp 300w, https:\/\/qngti.net\/wp-content\/uploads\/2022\/07\/572965364d768528dc67-768x417.webp 768w\" sizes=\"(max-width: 922px) 100vw, 922px\">\t\t\t\t\t\t<\/div>\n\t\t\t\t\t\n\t\t\t\t\t<div class=\"bdt-slide-desc bdt-position-large bdt-position-bottom-center bdt-position-z-index\">\n\n\t\t\t\t\t\t\t\t\t\t\t\t\t<h2 class=\"bdt-slide-title bdt-clearfix\">\n\t\t\t\t\t\t\t\tH\u1ec7 th\u1ed1ng ng\u1ea7m d\u01b0\u1edbi n\u01b0\u1edbc\t\t\t\t\t\t\t<\/h2>\n\t\t\t\t\t\t\n\t\t\t\t\t\t\n\t\t\t\t\t\t\t\t\t\t\t<\/div>\n\n\t\t\t\t\n\t\t\t<\/div>\n\t\t\t\t\t\t<div class=\"bdt-slide-item swiper-slide bdt-slide-effect-left\">\n\n\t\t\t\t\n\t\t\t\t\t\t\t\t\t\t\t<div class=\"bdt-slider-image-wrapper\">\n\t\t\t\t\t\t\t<img loading=\"lazy\" decoding=\"async\" width=\"1206\" height=\"678\" src=\"https:\/\/qngti.net\/wp-content\/uploads\/2022\/07\/5fdbcd70a1dd9.png\" class=\"bdt-cover\" alt=\"Tactical Communication &amp; Military Simulation\" data-bdt-cover=\"1\" srcset=\"https:\/\/qngti.net\/wp-content\/uploads\/2022\/07\/5fdbcd70a1dd9.png 1206w, https:\/\/qngti.net\/wp-content\/uploads\/2022\/07\/5fdbcd70a1dd9-300x169.png 300w, https:\/\/qngti.net\/wp-content\/uploads\/2022\/07\/5fdbcd70a1dd9-1024x576.png 1024w, https:\/\/qngti.net\/wp-content\/uploads\/2022\/07\/5fdbcd70a1dd9-768x432.png 768w\" sizes=\"(max-width: 1206px) 100vw, 1206px\">\t\t\t\t\t\t<\/div>\n\t\t\t\t\t\n\t\t\t\t\t<div class=\"bdt-slide-desc bdt-position-large bdt-position-bottom-center bdt-position-z-index\">\n\n\t\t\t\t\t\t\t\t\t\t\t\t\t<h2 class=\"bdt-slide-title bdt-clearfix\">\n\t\t\t\t\t\t\t\tM\u00f4 ph\u1ecfng th\u00f4ng tin li\u00ean l\u1ea1c t\u00e1c chi\u1ebfn &amp; qu\u00e2n s\u1ef1\t\t\t\t\t\t\t<\/h2>\n\t\t\t\t\t\t\n\t\t\t\t\t\t\n\t\t\t\t\t\t\t\t\t\t\t<\/div>\n\n\t\t\t\t\n\t\t\t<\/div>\n\t\t\t\t\t<\/div>\n\t\t\t\t<\/div>\n\n\t\t\t\t\t<div class=\"bdt-position-z-index bdt-position-center bdt-visible@m\">\n\t\t\t\t<div class=\"bdt-arrows-container bdt-slidenav-container\">\n\t\t\t\t\t<a href=\"\" class=\"bdt-navigation-prev bdt-slidenav-previous bdt-icon bdt-slidenav\">\n\t\t\t\t\t\t<i class=\"ep-icon-arrow-left-0\" aria-hidden=\"true\"><\/i>\n\t\t\t\t\t<\/a>\n\t\t\t\t\t<a href=\"\" class=\"bdt-navigation-next bdt-slidenav-next bdt-icon bdt-slidenav\">\n\t\t\t\t\t\t<i class=\"ep-icon-arrow-right-0\" aria-hidden=\"true\"><\/i>\n\t\t\t\t\t<\/a>\n\t\t\t\t<\/div>\n\t\t\t<\/div>\n\t\t\t\t<\/div>\n\t\t\t\t\t\t<\/div>\n\t\t\t\t<\/div>\n\t\t\t\t\t<\/div>\n\t\t<\/div>\n\t\t\t\t\t<\/div>\n\t\t<\/section>\n\t\t\t\t<section class=\"elementor-section elementor-top-section elementor-element elementor-element-2bc221bc elementor-section-boxed elementor-section-height-default elementor-section-height-default\" data-id=\"2bc221bc\" data-element_type=\"section\">\n\t\t\t\t\t\t<div class=\"elementor-container elementor-column-gap-default\">\n\t\t\t\t\t<div class=\"elementor-column elementor-col-50 elementor-top-column elementor-element elementor-element-e54f88d\" data-id=\"e54f88d\" data-element_type=\"column\">\n\t\t\t<div class=\"elementor-widget-wrap elementor-element-populated\">\n\t\t\t\t\t\t<div class=\"elementor-element elementor-element-4aee4d8 elementor-widget elementor-widget-heading\" data-id=\"4aee4d8\" data-element_type=\"widget\" data-widget_type=\"heading.default\">\n\t\t\t\t<div class=\"elementor-widget-container\">\n\t\t\t\t\t<h2 class=\"elementor-heading-title elementor-size-default\">Ch\u00ednh ph\u1ee7 &amp; c\u00f4ng ch\u00fang\n<\/h2>\t\t\t\t<\/div>\n\t\t\t\t<\/div>\n\t\t\t\t<div class=\"elementor-element elementor-element-5ab55be elementor-widget elementor-widget-text-editor\" data-id=\"5ab55be\" data-element_type=\"widget\" data-widget_type=\"text-editor.default\">\n\t\t\t\t<div class=\"elementor-widget-container\">\n\t\t\t\t\t\t\t\t\t<p>QTI c\u00f3 n\u0103ng l\u1ef1c t\u01b0 v\u1ea5n v\u00e0 thi\u1ebft k\u1ebf c\u00e1c gi\u1ea3i ph\u00e1p t\u00edch h\u1ee3p cho c\u00e1c lo\u1ea1i \u1ee9ng d\u1ee5ng v\u00e0 m\u1ee5c \u0111\u00edch kh\u00e1c nhau, ch\u00fang t\u00f4i chuy\u00ean v\u1ec1 c\u00e1c gi\u1ea3i ph\u00e1p th\u00f4ng minh v\u00e0 ti\u00ean ti\u1ebfn \u0111\u1ec3 ph\u1ee5c v\u1ee5 ch\u00ednh ph\u1ee7 v\u00e0 th\u1ecb tr\u01b0\u1eddng d\u00e2n s\u1ef1.<\/p><ul><li>Gi\u00e1o d\u1ee5c th\u00f4ng minh<\/li><li>Giao th\u00f4ng th\u00f4ng minh<\/li><li>\u0110\u00f4 th\u1ecb th\u00f4ng minh<\/li><li>Gi\u1ea3i ph\u00e1p gi\u00e1m s\u00e1t &amp; \u0111i\u1ec1u khi\u1ec3n<\/li><\/ul>\t\t\t\t\t\t\t\t<\/div>\n\t\t\t\t<\/div>\n\t\t\t\t\t<\/div>\n\t\t<\/div>\n\t\t\t\t<div class=\"elementor-column elementor-col-50 elementor-top-column elementor-element elementor-element-1faf231d\" data-id=\"1faf231d\" data-element_type=\"column\">\n\t\t\t<div class=\"elementor-widget-wrap elementor-element-populated\">\n\t\t\t\t\t\t<div class=\"elementor-element elementor-element-3c3f37c1 elementor-widget elementor-widget-image\" data-id=\"3c3f37c1\" data-element_type=\"widget\" data-widget_type=\"image.default\">\n\t\t\t\t<div class=\"elementor-widget-container\">\n\t\t\t\t\t\t\t\t\t\t\t\t\t\t\t<img loading=\"lazy\" decoding=\"async\" width=\"768\" height=\"512\" src=\"https:\/\/qngti.net\/wp-content\/uploads\/2022\/07\/Incident-response-image-768x512-1.jpeg\" class=\"attachment-large size-large wp-image-372\" alt=\"\" srcset=\"https:\/\/qngti.net\/wp-content\/uploads\/2022\/07\/Incident-response-image-768x512-1.jpeg 768w, https:\/\/qngti.net\/wp-content\/uploads\/2022\/07\/Incident-response-image-768x512-1-300x200.jpeg 300w, https:\/\/qngti.net\/wp-content\/uploads\/2022\/07\/Incident-response-image-768x512-1-18x12.jpeg 18w\" sizes=\"(max-width: 768px) 100vw, 768px\">\t\t\t\t\t\t\t\t\t\t\t\t\t\t\t<\/div>\n\t\t\t\t<\/div>\n\t\t\t\t\t<\/div>\n\t\t<\/div>\n\t\t\t\t\t<\/div>\n\t\t<\/section>\n\t\t\t\t<\/div>","protected":false},"excerpt":{"rendered":"<p>Come Work with Us. Start Your Future with QNGTI. Learn about the Work We Offer. Home https:\/\/qngti.net\/wp-content\/uploads\/2022\/07\/WhatsApp-Video-2022-07-17-at-2.46.08-PM.mp4 Security and defense QTI has wide experience in consulting and business development in the defense industry with innovative products and technologies for military services. We have become the prestigious partner of many leading technology companies in the defense [&hellip;]<\/p>","protected":false},"author":1,"featured_media":0,"parent":0,"menu_order":0,"comment_status":"closed","ping_status":"closed","template":"elementor_header_footer","meta":{"footnotes":""},"class_list":["post-323","page","type-page","status-publish","hentry"],"_links":{"self":[{"href":"http:\/\/qngti.net\/vi\/wp-json\/wp\/v2\/pages\/323","targetHints":{"allow":["GET"]}}],"collection":[{"href":"http:\/\/qngti.net\/vi\/wp-json\/wp\/v2\/pages"}],"about":[{"href":"http:\/\/qngti.net\/vi\/wp-json\/wp\/v2\/types\/page"}],"author":[{"embeddable":true,"href":"http:\/\/qngti.net\/vi\/wp-json\/wp\/v2\/users\/1"}],"replies":[{"embeddable":true,"href":"http:\/\/qngti.net\/vi\/wp-json\/wp\/v2\/comments?post=323"}],"version-history":[{"count":42,"href":"http:\/\/qngti.net\/vi\/wp-json\/wp\/v2\/pages\/323\/revisions"}],"predecessor-version":[{"id":496,"href":"http:\/\/qngti.net\/vi\/wp-json\/wp\/v2\/pages\/323\/revisions\/496"}],"wp:attachment":[{"href":"http:\/\/qngti.net\/vi\/wp-json\/wp\/v2\/media?parent=323"}],"curies":[{"name":"wp","href":"https:\/\/api.w.org\/{rel}","templated":true}]}}